{"id":1326,"date":"2025-06-28T01:59:47","date_gmt":"2025-06-28T01:59:47","guid":{"rendered":"https:\/\/abbooster.com\/services\/"},"modified":"2025-07-19T18:48:27","modified_gmt":"2025-07-19T18:48:27","slug":"services","status":"publish","type":"page","link":"https:\/\/abbooster.com\/en\/services\/","title":{"rendered":"Services"},"content":{"rendered":"<div data-elementor-type=\"wp-page\" data-elementor-id=\"1326\" class=\"elementor elementor-1326\" data-elementor-settings=\"{&quot;ha_cmc_init_switcher&quot;:&quot;no&quot;}\">\n\t\t\t\t<div class=\"elementor-element elementor-element-cecd524 e-flex e-con-boxed e-con e-parent\" data-id=\"cecd524\" data-element_type=\"container\" data-e-type=\"container\" data-settings=\"{&quot;background_background&quot;:&quot;slideshow&quot;,&quot;background_slideshow_gallery&quot;:[{&quot;id&quot;:4663,&quot;url&quot;:&quot;http:\\\/\\\/abbooster.com\\\/wp-content\\\/uploads\\\/2025\\\/07\\\/Leonardo_Kino_XL_A_realistic_highresolution_photo_of_a_financi_1-compressed.jpg&quot;},{&quot;id&quot;:4864,&quot;url&quot;:&quot;http:\\\/\\\/abbooster.com\\\/wp-content\\\/uploads\\\/2025\\\/07\\\/Leonardo_Kino_XL_A_minimalistic_collagestyle_image_with_a_past_3-compressed.jpg&quot;},{&quot;id&quot;:4866,&quot;url&quot;:&quot;http:\\\/\\\/abbooster.com\\\/wp-content\\\/uploads\\\/2025\\\/07\\\/Leonardo_Kino_XL_An_illustrated_vectorstyle_landscape_of_a_can_2-compressed.jpg&quot;},{&quot;id&quot;:4964,&quot;url&quot;:&quot;http:\\\/\\\/abbooster.com\\\/wp-content\\\/uploads\\\/2025\\\/07\\\/Leonardo_Kino_XL_A_highresolution_photorealistic_aerial_image_2-1.jpg&quot;},{&quot;id&quot;:4961,&quot;url&quot;:&quot;http:\\\/\\\/abbooster.com\\\/wp-content\\\/uploads\\\/2025\\\/07\\\/artwork-compressed.jpg&quot;},{&quot;id&quot;:3810,&quot;url&quot;:&quot;http:\\\/\\\/abbooster.com\\\/wp-content\\\/uploads\\\/2025\\\/07\\\/engineers-brainstorming-ways-use-ai-compressed-scaled.jpg&quot;}],&quot;background_slideshow_slide_duration&quot;:2000,&quot;background_slideshow_loop&quot;:&quot;yes&quot;,&quot;background_slideshow_slide_transition&quot;:&quot;fade&quot;,&quot;background_slideshow_transition_duration&quot;:500,&quot;_ha_eqh_enable&quot;:false}\">\n\t\t\t\t\t<div class=\"e-con-inner\">\n\t\t\t\t<div class=\"elementor-element elementor-element-47522f9 elementor-widget elementor-widget-heading\" data-id=\"47522f9\" data-element_type=\"widget\" data-e-type=\"widget\" data-widget_type=\"heading.default\">\n\t\t\t\t<div class=\"elementor-widget-container\">\n\t\t\t\t\t<h2 class=\"elementor-heading-title elementor-size-default\">Custom solutions designed to drive your growth forward<\/h2>\t\t\t\t<\/div>\n\t\t\t\t<\/div>\n\t\t\t\t\t<\/div>\n\t\t\t\t<\/div>\n\t\t<div class=\"elementor-element elementor-element-50c359b1 e-flex e-con-boxed e-con e-parent\" data-id=\"50c359b1\" data-element_type=\"container\" data-e-type=\"container\" data-settings=\"{&quot;_ha_eqh_enable&quot;:false}\">\n\t\t\t\t\t<div class=\"e-con-inner\">\n\t\t<div class=\"elementor-element elementor-element-4e90fac8 e-con-full e-grid e-con e-child\" data-id=\"4e90fac8\" data-element_type=\"container\" data-e-type=\"container\" data-settings=\"{&quot;_ha_eqh_enable&quot;:false}\">\n\t\t\t\t<div class=\"elementor-element elementor-element-3b5c5114 ekit-equal-height-disable elementor-widget elementor-widget-elementskit-icon-box\" data-id=\"3b5c5114\" data-element_type=\"widget\" data-e-type=\"widget\" data-widget_type=\"elementskit-icon-box.default\">\n\t\t\t\t<div class=\"elementor-widget-container\">\n\t\t\t\t\t<div class=\"ekit-wid-con\" >        <!-- link opening -->\n                <!-- end link opening -->\n\n        <div class=\"elementskit-infobox text-center text- icon-top-align elementor-animation-\">\n                            <div class=\"elementskit-box-header\">\n                <div class=\"elementskit-info-box-icon\">\n                    <img fetchpriority=\"high\" decoding=\"async\" width=\"620\" height=\"615\" src=\"https:\/\/abbooster.com\/wp-content\/uploads\/2025\/07\/BUSINESS-STRATEGY-ICON.png\" class=\"attachment- size-\" alt=\"\" srcset=\"https:\/\/abbooster.com\/wp-content\/uploads\/2025\/07\/BUSINESS-STRATEGY-ICON.png 620w, https:\/\/abbooster.com\/wp-content\/uploads\/2025\/07\/BUSINESS-STRATEGY-ICON-300x298.png 300w, https:\/\/abbooster.com\/wp-content\/uploads\/2025\/07\/BUSINESS-STRATEGY-ICON-150x150.png 150w\" sizes=\"(max-width: 620px) 100vw, 620px\" \/>                <\/div>\n          <\/div>\n                <div class=\"box-body\">\n                            <h3 class=\"elementskit-info-box-title\">\n                    Strategy &amp; Business Developmennt                <\/h3>\n                                                    <div class=\"box-footer disable_hover_button\">\n                    <div class=\"btn-wraper\">\n                                                            <a class=\"elementskit-btn whitespace--normal\" href=\"https:\/\/abbooster.com\/en\/strategie-business-development\/\">\n                                                                                Know more                                    <\/a>\n                                                        <\/div>\n                <\/div>\n                    <\/div>\n        \n        \n                <\/div>\n        <\/div>\t\t\t\t<\/div>\n\t\t\t\t<\/div>\n\t\t\t\t<div class=\"elementor-element elementor-element-e555270 ekit-equal-height-disable elementor-widget elementor-widget-elementskit-icon-box\" data-id=\"e555270\" data-element_type=\"widget\" data-e-type=\"widget\" data-widget_type=\"elementskit-icon-box.default\">\n\t\t\t\t<div class=\"elementor-widget-container\">\n\t\t\t\t\t<div class=\"ekit-wid-con\" >        <!-- link opening -->\n                <!-- end link opening -->\n\n        <div class=\"elementskit-infobox text-center text- icon-top-align elementor-animation-\">\n                            <div class=\"elementskit-box-header\">\n                <div class=\"elementskit-info-box-icon\">\n                    <img decoding=\"async\" width=\"622\" height=\"585\" src=\"https:\/\/abbooster.com\/wp-content\/uploads\/2025\/07\/FINANCE-ICON.png\" class=\"attachment- size-\" alt=\"\" srcset=\"https:\/\/abbooster.com\/wp-content\/uploads\/2025\/07\/FINANCE-ICON.png 622w, https:\/\/abbooster.com\/wp-content\/uploads\/2025\/07\/FINANCE-ICON-300x282.png 300w\" sizes=\"(max-width: 622px) 100vw, 622px\" \/>                <\/div>\n          <\/div>\n                <div class=\"box-body\">\n                            <h3 class=\"elementskit-info-box-title\">\n                    Finance &amp; Projects                <\/h3>\n                                                    <div class=\"box-footer disable_hover_button\">\n                    <div class=\"btn-wraper\">\n                                                            <a class=\"elementskit-btn whitespace--normal\" href=\"https:\/\/abbooster.com\/en\/finance-projets\/\">\n                                                                                Know more                                    <\/a>\n                                                        <\/div>\n                <\/div>\n                    <\/div>\n        \n        \n                <\/div>\n        <\/div>\t\t\t\t<\/div>\n\t\t\t\t<\/div>\n\t\t\t\t<div class=\"elementor-element elementor-element-8249132 ekit-equal-height-disable elementor-widget elementor-widget-elementskit-icon-box\" data-id=\"8249132\" data-element_type=\"widget\" data-e-type=\"widget\" data-widget_type=\"elementskit-icon-box.default\">\n\t\t\t\t<div class=\"elementor-widget-container\">\n\t\t\t\t\t<div class=\"ekit-wid-con\" >        <!-- link opening -->\n                <!-- end link opening -->\n\n        <div class=\"elementskit-infobox text-center text- icon-top-align elementor-animation-\">\n                            <div class=\"elementskit-box-header\">\n                <div class=\"elementskit-info-box-icon\">\n                    <img decoding=\"async\" width=\"575\" height=\"575\" src=\"https:\/\/abbooster.com\/wp-content\/uploads\/2025\/07\/AI-ICON.png\" class=\"attachment- size-\" alt=\"\" srcset=\"https:\/\/abbooster.com\/wp-content\/uploads\/2025\/07\/AI-ICON.png 575w, https:\/\/abbooster.com\/wp-content\/uploads\/2025\/07\/AI-ICON-300x300.png 300w, https:\/\/abbooster.com\/wp-content\/uploads\/2025\/07\/AI-ICON-150x150.png 150w\" sizes=\"(max-width: 575px) 100vw, 575px\" \/>                <\/div>\n          <\/div>\n                <div class=\"box-body\">\n                            <h3 class=\"elementskit-info-box-title\">\n                    AI Business Strategy                <\/h3>\n                                                    <div class=\"box-footer disable_hover_button\">\n                    <div class=\"btn-wraper\">\n                                                            <a class=\"elementskit-btn whitespace--normal\" href=\"https:\/\/abbooster.com\/en\/ai-business-strategy\/\">\n                                                                                Know more                                    <\/a>\n                                                        <\/div>\n                <\/div>\n                    <\/div>\n        \n        \n                <\/div>\n        <\/div>\t\t\t\t<\/div>\n\t\t\t\t<\/div>\n\t\t\t\t<\/div>\n\t\t\t\t\t<\/div>\n\t\t\t\t<\/div>\n\t\t\t\t<\/div>\n\t\t\n    <div class=\"xs_social_share_widget xs_share_url after_content \t\tmain_content  wslu-style-1 wslu-share-box-shaped wslu-fill-colored wslu-none wslu-share-horizontal wslu-theme-font-no wslu-main_content\">\n\n\t\t\n        <ul>\n\t\t\t        <\/ul>\n    <\/div>","protected":false},"excerpt":{"rendered":"<p>Des solutions sur mesure pour acc\u00e9l\u00e9rer votre croissance Strat\u00e9gie &amp; Business Development En Savoir Plus Finance &amp; Projets En Savoir Plus AI Business Strategy En Savoir Plus<\/p>","protected":false},"author":1,"featured_media":0,"parent":0,"menu_order":0,"comment_status":"closed","ping_status":"closed","template":"","meta":{"_uag_custom_page_level_css":"","postBodyCss":"","postBodyMargin":[],"postBodyPadding":[],"postBodyBackground":{"backgroundType":"classic","gradient":""},"site-sidebar-layout":"no-sidebar","site-content-layout":"page-builder","ast-site-content-layout":"full-width-container","site-content-style":"unboxed","site-sidebar-style":"unboxed","ast-global-header-display":"","ast-banner-title-visibility":"","ast-main-header-display":"","ast-hfb-above-header-display":"","ast-hfb-below-header-display":"","ast-hfb-mobile-header-display":"","site-post-title":"disabled","ast-breadcrumbs-content":"","ast-featured-img":"disabled","footer-sml-layout":"","ast-disable-related-posts":"","theme-transparent-header-meta":"enabled","adv-header-id-meta":"","stick-header-meta":"","header-above-stick-meta":"","header-main-stick-meta":"","header-below-stick-meta":"","astra-migrate-meta-layouts":"set","ast-page-background-enabled":"default","ast-page-background-meta":{"desktop":{"background-color":"var(--ast-global-color-4)","background-image":"","background-repeat":"repeat","background-position":"center center","background-size":"auto","background-attachment":"scroll","background-type":"","background-media":"","overlay-type":"","overlay-color":"","overlay-opacity":"","overlay-gradient":""},"tablet":{"background-color":"","background-image":"","background-repeat":"repeat","background-position":"center center","background-size":"auto","background-attachment":"scroll","background-type":"","background-media":"","overlay-type":"","overlay-color":"","overlay-opacity":"","overlay-gradient":""},"mobile":{"background-color":"","background-image":"","background-repeat":"repeat","background-position":"center center","background-size":"auto","background-attachment":"scroll","background-type":"","background-media":"","overlay-type":"","overlay-color":"","overlay-opacity":"","overlay-gradient":""}},"ast-content-background-meta":{"desktop":{"background-color":"var(--ast-global-color-5)","background-image":"","background-repeat":"repeat","background-position":"center center","background-size":"auto","background-attachment":"scroll","background-type":"","background-media":"","overlay-type":"","overlay-color":"","overlay-opacity":"","overlay-gradient":""},"tablet":{"background-color":"var(--ast-global-color-5)","background-image":"","background-repeat":"repeat","background-position":"center center","background-size":"auto","background-attachment":"scroll","background-type":"","background-media":"","overlay-type":"","overlay-color":"","overlay-opacity":"","overlay-gradient":""},"mobile":{"background-color":"var(--ast-global-color-5)","background-image":"","background-repeat":"repeat","background-position":"center center","background-size":"auto","background-attachment":"scroll","background-type":"","background-media":"","overlay-type":"","overlay-color":"","overlay-opacity":"","overlay-gradient":""}},"_joinchat":[],"footnotes":""},"class_list":["post-1326","page","type-page","status-publish","hentry"],"uagb_featured_image_src":{"full":false,"thumbnail":false,"medium":false,"medium_large":false,"large":false,"1536x1536":false,"2048x2048":false,"trp-custom-language-flag":false},"uagb_author_info":{"display_name":"marouaneoutalbe@gmail.com","author_link":"https:\/\/abbooster.com\/en\/author\/marouaneoutalbegmail-com\/"},"uagb_comment_info":0,"uagb_excerpt":"Des solutions sur mesure pour acc\u00e9l\u00e9rer votre croissance Strat\u00e9gie &amp; Business Development En Savoir Plus Finance &amp; Projets En Savoir Plus AI Business Strategy En Savoir Plus","_links":{"self":[{"href":"https:\/\/abbooster.com\/en\/wp-json\/wp\/v2\/pages\/1326","targetHints":{"allow":["GET"]}}],"collection":[{"href":"https:\/\/abbooster.com\/en\/wp-json\/wp\/v2\/pages"}],"about":[{"href":"https:\/\/abbooster.com\/en\/wp-json\/wp\/v2\/types\/page"}],"author":[{"embeddable":true,"href":"https:\/\/abbooster.com\/en\/wp-json\/wp\/v2\/users\/1"}],"replies":[{"embeddable":true,"href":"https:\/\/abbooster.com\/en\/wp-json\/wp\/v2\/comments?post=1326"}],"version-history":[{"count":119,"href":"https:\/\/abbooster.com\/en\/wp-json\/wp\/v2\/pages\/1326\/revisions"}],"predecessor-version":[{"id":5157,"href":"https:\/\/abbooster.com\/en\/wp-json\/wp\/v2\/pages\/1326\/revisions\/5157"}],"wp:attachment":[{"href":"https:\/\/abbooster.com\/en\/wp-json\/wp\/v2\/media?parent=1326"}],"curies":[{"name":"wp","href":"https:\/\/api.w.org\/{rel}","templated":true}]}}