{"id":3808,"date":"2025-07-09T18:56:58","date_gmt":"2025-07-09T18:56:58","guid":{"rendered":"https:\/\/abbooster.com\/?page_id=3808"},"modified":"2025-07-18T18:48:27","modified_gmt":"2025-07-18T18:48:27","slug":"ai-business-strategy","status":"publish","type":"page","link":"https:\/\/abbooster.com\/en\/ai-business-strategy\/","title":{"rendered":"AI Business Strategy"},"content":{"rendered":"<div data-elementor-type=\"wp-page\" data-elementor-id=\"3808\" class=\"elementor elementor-3808\" data-elementor-settings=\"{&quot;ha_cmc_init_switcher&quot;:&quot;no&quot;}\">\n\t\t\t\t<div class=\"elementor-element elementor-element-0622afd e-flex e-con-boxed e-con e-parent\" data-id=\"0622afd\" data-element_type=\"container\" data-e-type=\"container\" data-settings=\"{&quot;background_background&quot;:&quot;slideshow&quot;,&quot;background_slideshow_gallery&quot;:[{&quot;id&quot;:4663,&quot;url&quot;:&quot;http:\\\/\\\/abbooster.com\\\/wp-content\\\/uploads\\\/2025\\\/07\\\/Leonardo_Kino_XL_A_realistic_highresolution_photo_of_a_financi_1-compressed.jpg&quot;},{&quot;id&quot;:4864,&quot;url&quot;:&quot;http:\\\/\\\/abbooster.com\\\/wp-content\\\/uploads\\\/2025\\\/07\\\/Leonardo_Kino_XL_A_minimalistic_collagestyle_image_with_a_past_3-compressed.jpg&quot;},{&quot;id&quot;:4866,&quot;url&quot;:&quot;http:\\\/\\\/abbooster.com\\\/wp-content\\\/uploads\\\/2025\\\/07\\\/Leonardo_Kino_XL_An_illustrated_vectorstyle_landscape_of_a_can_2-compressed.jpg&quot;},{&quot;id&quot;:4964,&quot;url&quot;:&quot;http:\\\/\\\/abbooster.com\\\/wp-content\\\/uploads\\\/2025\\\/07\\\/Leonardo_Kino_XL_A_highresolution_photorealistic_aerial_image_2-1.jpg&quot;},{&quot;id&quot;:4961,&quot;url&quot;:&quot;http:\\\/\\\/abbooster.com\\\/wp-content\\\/uploads\\\/2025\\\/07\\\/artwork-compressed.jpg&quot;},{&quot;id&quot;:3810,&quot;url&quot;:&quot;http:\\\/\\\/abbooster.com\\\/wp-content\\\/uploads\\\/2025\\\/07\\\/engineers-brainstorming-ways-use-ai-compressed-scaled.jpg&quot;}],&quot;background_slideshow_loop&quot;:&quot;yes&quot;,&quot;background_slideshow_slide_duration&quot;:5000,&quot;background_slideshow_slide_transition&quot;:&quot;fade&quot;,&quot;background_slideshow_transition_duration&quot;:500,&quot;_ha_eqh_enable&quot;:false}\">\n\t\t\t\t\t<div class=\"e-con-inner\">\n\t\t\t\t<div class=\"elementor-element elementor-element-b83b307 elementor-widget elementor-widget-heading\" data-id=\"b83b307\" data-element_type=\"widget\" data-e-type=\"widget\" data-widget_type=\"heading.default\">\n\t\t\t\t<div class=\"elementor-widget-container\">\n\t\t\t\t\t<h2 class=\"elementor-heading-title elementor-size-default\">AI Business Strategy<\/h2>\t\t\t\t<\/div>\n\t\t\t\t<\/div>\n\t\t\t\t\t<\/div>\n\t\t\t\t<\/div>\n\t\t<div class=\"elementor-element elementor-element-a3bb45d e-flex e-con-boxed e-con e-parent\" data-id=\"a3bb45d\" data-element_type=\"container\" data-e-type=\"container\" data-settings=\"{&quot;_ha_eqh_enable&quot;:false}\">\n\t\t\t\t\t<div class=\"e-con-inner\">\n\t\t\t\t<div class=\"elementor-element elementor-element-a4f56c3 elementor-widget elementor-widget-heading\" data-id=\"a4f56c3\" data-element_type=\"widget\" data-e-type=\"widget\" data-widget_type=\"heading.default\">\n\t\t\t\t<div class=\"elementor-widget-container\">\n\t\t\t\t\t<h2 class=\"elementor-heading-title elementor-size-default\">Harness AI to supercharge your business performance<\/h2>\t\t\t\t<\/div>\n\t\t\t\t<\/div>\n\t\t\t\t<div class=\"elementor-element elementor-element-d51abc7 elementor-widget elementor-widget-heading\" data-id=\"d51abc7\" data-element_type=\"widget\" data-e-type=\"widget\" data-widget_type=\"heading.default\">\n\t\t\t\t<div class=\"elementor-widget-container\">\n\t\t\t\t\t<h2 class=\"elementor-heading-title elementor-size-default\">AI consulting stands as a powerful strategic lever, illuminating the path through this revolution. In this pivotal stage, we refine your needs and uncover high-ROI use cases poised to elevate your performance to new heights.<\/h2>\t\t\t\t<\/div>\n\t\t\t\t<\/div>\n\t\t\t\t\t<\/div>\n\t\t\t\t<\/div>\n\t\t<div class=\"elementor-element elementor-element-492c3b96 e-flex e-con-boxed e-con e-parent\" data-id=\"492c3b96\" data-element_type=\"container\" data-e-type=\"container\" data-settings=\"{&quot;_ha_eqh_enable&quot;:false}\">\n\t\t\t\t\t<div class=\"e-con-inner\">\n\t\t<div class=\"elementor-element elementor-element-267fcc71 e-con-full e-flex e-con e-child\" data-id=\"267fcc71\" data-element_type=\"container\" data-e-type=\"container\" data-settings=\"{&quot;_ha_eqh_enable&quot;:false}\">\n\t\t\t\t<div class=\"elementor-element elementor-element-6cae90ec elementor-widget__width-initial elementor-widget-tablet__width-initial ekit-equal-height-disable elementor-widget elementor-widget-elementskit-icon-box\" data-id=\"6cae90ec\" data-element_type=\"widget\" data-e-type=\"widget\" data-widget_type=\"elementskit-icon-box.default\">\n\t\t\t\t<div class=\"elementor-widget-container\">\n\t\t\t\t\t<div class=\"ekit-wid-con\" >        <!-- link opening -->\n                <a href=\"#\" class=\"ekit_global_links\">\n                <!-- end link opening -->\n\n        <div class=\"elementskit-infobox text-center text- icon-top-align elementor-animation-  gradient-active  hover_from_right\">\n                    <div class=\"elementskit-box-header elementor-animation-\">\n                <div class=\"elementskit-info-box-icon\">\n                    \n                <\/div>\n          <\/div>\n                        <div class=\"box-body\">\n                            <h3 class=\"elementskit-info-box-title\">\n                    ACCULTURATION IA                <\/h3>\n                        \t\t  \t<p>Analyze AI\u2019s pivotal role in your industry with Cross Data\u2019s AI experts. We\u2019ll dissect Data Science and AI fundamentals, quantify their impacts on your operational environment, and present detailed, sector-specific use cases.<\/p>\n                                <\/div>\n        \n        \n                <\/div>\n                <\/a>\n        <\/div>\t\t\t\t<\/div>\n\t\t\t\t<\/div>\n\t\t\t\t<div class=\"elementor-element elementor-element-88ae7bb elementor-widget__width-initial elementor-widget-tablet__width-initial ekit-equal-height-disable elementor-widget elementor-widget-elementskit-icon-box\" data-id=\"88ae7bb\" data-element_type=\"widget\" data-e-type=\"widget\" data-widget_type=\"elementskit-icon-box.default\">\n\t\t\t\t<div class=\"elementor-widget-container\">\n\t\t\t\t\t<div class=\"ekit-wid-con\" >        <!-- link opening -->\n                <a href=\"#\" class=\"ekit_global_links\">\n                <!-- end link opening -->\n\n        <div class=\"elementskit-infobox text-center text- icon-top-align elementor-animation-  gradient-active  hover_from_right\">\n                    <div class=\"elementskit-box-header elementor-animation-\">\n                <div class=\"elementskit-info-box-icon\">\n                    \n                <\/div>\n          <\/div>\n                        <div class=\"box-body\">\n                            <h3 class=\"elementskit-info-box-title\">\n                    AGENTS IA                <\/h3>\n                        \t\t  \t<p>Leverage our scalable, real-time AI technology to automate your sales, customer management, and HR workflows. Our solutions empower clients to cut operational costs by up to 30% and boost profitability by over 20%.<\/p>\n                                <\/div>\n        \n        \n                <\/div>\n                <\/a>\n        <\/div>\t\t\t\t<\/div>\n\t\t\t\t<\/div>\n\t\t\t\t<\/div>\n\t\t<div class=\"elementor-element elementor-element-1c22e6d e-con-full e-flex e-con e-child\" data-id=\"1c22e6d\" data-element_type=\"container\" data-e-type=\"container\" data-settings=\"{&quot;_ha_eqh_enable&quot;:false}\">\n\t\t\t\t<div class=\"elementor-element elementor-element-db11d5c elementor-widget__width-initial elementor-widget-tablet__width-initial ekit-equal-height-disable elementor-widget elementor-widget-elementskit-icon-box\" data-id=\"db11d5c\" data-element_type=\"widget\" data-e-type=\"widget\" data-widget_type=\"elementskit-icon-box.default\">\n\t\t\t\t<div class=\"elementor-widget-container\">\n\t\t\t\t\t<div class=\"ekit-wid-con\" >        <!-- link opening -->\n                <a href=\"#\" class=\"ekit_global_links\">\n                <!-- end link opening -->\n\n        <div class=\"elementskit-infobox text-center text- icon-top-align elementor-animation-  gradient-active  hover_from_right\">\n                    <div class=\"elementskit-box-header elementor-animation-\">\n                <div class=\"elementskit-info-box-icon\">\n                    \n                <\/div>\n          <\/div>\n                        <div class=\"box-body\">\n                            <h3 class=\"elementskit-info-box-title\">\n                    START IA                <\/h3>\n                        \t\t  \t<p>Unlock the potential of artificial intelligence within your organization.\nA concrete approach to:\n- Understanding the current challenges tied to AI and data science\n- Identifying high-value projects adapted to your structure\n- Developing a clear, coherent, and actionable roadmap<\/p>\n                                <\/div>\n        \n        \n                <\/div>\n                <\/a>\n        <\/div>\t\t\t\t<\/div>\n\t\t\t\t<\/div>\n\t\t\t\t<div class=\"elementor-element elementor-element-3762dbe elementor-widget__width-initial elementor-widget-tablet__width-initial ekit-equal-height-disable elementor-widget elementor-widget-elementskit-icon-box\" data-id=\"3762dbe\" data-element_type=\"widget\" data-e-type=\"widget\" data-widget_type=\"elementskit-icon-box.default\">\n\t\t\t\t<div class=\"elementor-widget-container\">\n\t\t\t\t\t<div class=\"ekit-wid-con\" >        <!-- link opening -->\n                <a href=\"#\" class=\"ekit_global_links\">\n                <!-- end link opening -->\n\n        <div class=\"elementskit-infobox text-center text- icon-top-align elementor-animation-  gradient-active  hover_from_right\">\n                    <div class=\"elementskit-box-header elementor-animation-\">\n                <div class=\"elementskit-info-box-icon\">\n                    \n                <\/div>\n          <\/div>\n                        <div class=\"box-body\">\n                            <h3 class=\"elementskit-info-box-title\">\n                    CADRAGE IA ET DATA                <\/h3>\n                        \t\t  \t<p>Validate your AI needs and obtain a clear, operational specifications document.\nOur three-step approach enables you to:\n- Identify and validate your AI requirements, with recommendations tailored to your business context\n- Develop a detailed specifications document that integrates objectives, constraints, and required resources\n- Estimate costs, timelines, and return on investment (ROI) for a controlled and measurable deployment<\/p>\n                                <\/div>\n        \n        \n                <\/div>\n                <\/a>\n        <\/div>\t\t\t\t<\/div>\n\t\t\t\t<\/div>\n\t\t\t\t<\/div>\n\t\t\t\t\t<\/div>\n\t\t\t\t<\/div>\n\t\t<div class=\"elementor-element elementor-element-1c8029b9 e-flex e-con-boxed e-con e-parent\" data-id=\"1c8029b9\" data-element_type=\"container\" data-e-type=\"container\" data-settings=\"{&quot;background_background&quot;:&quot;classic&quot;,&quot;_ha_eqh_enable&quot;:false}\">\n\t\t\t\t\t<div class=\"e-con-inner\">\n\t\t\t\t<div class=\"elementor-element elementor-element-031d24d elementor-widget__width-inherit elementor-widget elementor-widget-elementskit-heading\" data-id=\"031d24d\" data-element_type=\"widget\" data-e-type=\"widget\" data-widget_type=\"elementskit-heading.default\">\n\t\t\t\t<div class=\"elementor-widget-container\">\n\t\t\t\t\t<div class=\"ekit-wid-con\" ><div class=\"ekit-heading elementskit-section-title-wraper text_center   ekit_heading_tablet-   ekit_heading_mobile-text_center\"><h2 class=\"ekit-heading--title elementskit-section-title\">Our support models<\/h2><div class=\"ekit_heading_separetor_wraper ekit_heading_elementskit-border-divider ekit-dotted\"><div class=\"elementskit-border-divider ekit-dotted\"><\/div><\/div><\/div><\/div>\t\t\t\t<\/div>\n\t\t\t\t<\/div>\n\t\t\t\t\t<\/div>\n\t\t\t\t<\/div>\n\t\t<div class=\"elementor-element elementor-element-4123cf1 e-flex e-con-boxed e-con e-parent\" data-id=\"4123cf1\" data-element_type=\"container\" data-e-type=\"container\" data-settings=\"{&quot;_ha_eqh_enable&quot;:false}\">\n\t\t\t\t\t<div class=\"e-con-inner\">\n\t\t\t\t<div class=\"elementor-element elementor-element-6b8688d elementor-widget elementor-widget-heading\" data-id=\"6b8688d\" data-element_type=\"widget\" data-e-type=\"widget\" data-widget_type=\"heading.default\">\n\t\t\t\t<div class=\"elementor-widget-container\">\n\t\t\t\t\t<h2 class=\"elementor-heading-title elementor-size-default\">AB Booster: accelerate your performance with artificial intelligence.<\/h2>\t\t\t\t<\/div>\n\t\t\t\t<\/div>\n\t\t\t\t<div class=\"elementor-element elementor-element-87d5122 elementor-widget elementor-widget-text-editor\" data-id=\"87d5122\" data-element_type=\"widget\" data-e-type=\"widget\" data-widget_type=\"text-editor.default\">\n\t\t\t\t<div class=\"elementor-widget-container\">\n\t\t\t\t\t\t\t\t\t<div><div role=\"presentation\">AB Booster supports SMEs and mid-market companies in identifying AI projects that deliver a strong impact on their economic and operational performance. Through a rigorous methodology, our team of consultants and engineers helps you to:<\/div><div role=\"presentation\">\u00a0<\/div><\/div>\t\t\t\t\t\t\t\t<\/div>\n\t\t\t\t<\/div>\n\t\t\t\t<div class=\"elementor-element elementor-element-22db45b elementor-widget elementor-widget-text-editor\" data-id=\"22db45b\" data-element_type=\"widget\" data-e-type=\"widget\" data-widget_type=\"text-editor.default\">\n\t\t\t\t<div class=\"elementor-widget-container\">\n\t\t\t\t\t\t\t\t\t<div><div role=\"presentation\"><div>Identify relevant use cases aligned with your business challenges<\/div><div>Prioritize high-value initiatives<\/div><div>Build an AI &amp; Data roadmap tailored to your industry, objectives, and budget<\/div><div><div role=\"presentation\">Our targeted recommendations enable you to frame your requirements and uncover opportunities for automation, performance gains, and return on investment across various sectors: industry, transportation, retail, energy, etc.<\/div><\/div><\/div><\/div>\t\t\t\t\t\t\t\t<\/div>\n\t\t\t\t<\/div>\n\t\t\t\t\t<\/div>\n\t\t\t\t<\/div>\n\t\t\t\t<\/div>\n\t\t\n    <div class=\"xs_social_share_widget xs_share_url after_content \t\tmain_content  wslu-style-1 wslu-share-box-shaped wslu-fill-colored wslu-none wslu-share-horizontal wslu-theme-font-no wslu-main_content\">\n\n\t\t\n        <ul>\n\t\t\t        <\/ul>\n    <\/div>","protected":false},"excerpt":{"rendered":"<p>AI Business Strategy L\u2019IA pour maximiser la performance de votre entreprise Le conseil en intelligence artificielle vous offre un avantage strat\u00e9gique d\u00e9cisif dans un monde en pleine mutation. Ensemble, nous clarifions vos besoins et d\u00e9nichons les cas d\u2019usage \u00e0 plus fort retour sur investissement, garants d\u2019une performance renforc\u00e9e et durable. ACCULTURATION IA Comprendre les enjeux [&hellip;]<\/p>","protected":false},"author":1,"featured_media":0,"parent":0,"menu_order":0,"comment_status":"closed","ping_status":"closed","template":"","meta":{"_uag_custom_page_level_css":"","postBodyCss":"","postBodyMargin":[],"postBodyPadding":[],"postBodyBackground":{"backgroundType":"classic","gradient":""},"site-sidebar-layout":"no-sidebar","site-content-layout":"page-builder","ast-site-content-layout":"full-width-container","site-content-style":"default","site-sidebar-style":"default","ast-global-header-display":"","ast-banner-title-visibility":"","ast-main-header-display":"","ast-hfb-above-header-display":"","ast-hfb-below-header-display":"","ast-hfb-mobile-header-display":"","site-post-title":"disabled","ast-breadcrumbs-content":"","ast-featured-img":"disabled","footer-sml-layout":"","ast-disable-related-posts":"","theme-transparent-header-meta":"","adv-header-id-meta":"","stick-header-meta":"","header-above-stick-meta":"","header-main-stick-meta":"","header-below-stick-meta":"","astra-migrate-meta-layouts":"set","ast-page-background-enabled":"default","ast-page-background-meta":{"desktop":{"background-color":"var(--ast-global-color-4)","background-image":"","background-repeat":"repeat","background-position":"center center","background-size":"auto","background-attachment":"scroll","background-type":"","background-media":"","overlay-type":"","overlay-color":"","overlay-opacity":"","overlay-gradient":""},"tablet":{"background-color":"","background-image":"","background-repeat":"repeat","background-position":"center center","background-size":"auto","background-attachment":"scroll","background-type":"","background-media":"","overlay-type":"","overlay-color":"","overlay-opacity":"","overlay-gradient":""},"mobile":{"background-color":"","background-image":"","background-repeat":"repeat","background-position":"center center","background-size":"auto","background-attachment":"scroll","background-type":"","background-media":"","overlay-type":"","overlay-color":"","overlay-opacity":"","overlay-gradient":""}},"ast-content-background-meta":{"desktop":{"background-color":"var(--ast-global-color-5)","background-image":"","background-repeat":"repeat","background-position":"center center","background-size":"auto","background-attachment":"scroll","background-type":"","background-media":"","overlay-type":"","overlay-color":"","overlay-opacity":"","overlay-gradient":""},"tablet":{"background-color":"var(--ast-global-color-5)","background-image":"","background-repeat":"repeat","background-position":"center center","background-size":"auto","background-attachment":"scroll","background-type":"","background-media":"","overlay-type":"","overlay-color":"","overlay-opacity":"","overlay-gradient":""},"mobile":{"background-color":"var(--ast-global-color-5)","background-image":"","background-repeat":"repeat","background-position":"center center","background-size":"auto","background-attachment":"scroll","background-type":"","background-media":"","overlay-type":"","overlay-color":"","overlay-opacity":"","overlay-gradient":""}},"_joinchat":[],"footnotes":""},"class_list":["post-3808","page","type-page","status-publish","hentry"],"uagb_featured_image_src":{"full":false,"thumbnail":false,"medium":false,"medium_large":false,"large":false,"1536x1536":false,"2048x2048":false,"trp-custom-language-flag":false},"uagb_author_info":{"display_name":"marouaneoutalbe@gmail.com","author_link":"https:\/\/abbooster.com\/en\/author\/marouaneoutalbegmail-com\/"},"uagb_comment_info":0,"uagb_excerpt":"AI Business Strategy L\u2019IA pour maximiser la performance de votre entreprise Le conseil en intelligence artificielle vous offre un avantage strat\u00e9gique d\u00e9cisif dans un monde en pleine mutation. Ensemble, nous clarifions vos besoins et d\u00e9nichons les cas d\u2019usage \u00e0 plus fort retour sur investissement, garants d\u2019une performance renforc\u00e9e et durable. ACCULTURATION IA Comprendre les enjeux&hellip;","_links":{"self":[{"href":"https:\/\/abbooster.com\/en\/wp-json\/wp\/v2\/pages\/3808","targetHints":{"allow":["GET"]}}],"collection":[{"href":"https:\/\/abbooster.com\/en\/wp-json\/wp\/v2\/pages"}],"about":[{"href":"https:\/\/abbooster.com\/en\/wp-json\/wp\/v2\/types\/page"}],"author":[{"embeddable":true,"href":"https:\/\/abbooster.com\/en\/wp-json\/wp\/v2\/users\/1"}],"replies":[{"embeddable":true,"href":"https:\/\/abbooster.com\/en\/wp-json\/wp\/v2\/comments?post=3808"}],"version-history":[{"count":247,"href":"https:\/\/abbooster.com\/en\/wp-json\/wp\/v2\/pages\/3808\/revisions"}],"predecessor-version":[{"id":5075,"href":"https:\/\/abbooster.com\/en\/wp-json\/wp\/v2\/pages\/3808\/revisions\/5075"}],"wp:attachment":[{"href":"https:\/\/abbooster.com\/en\/wp-json\/wp\/v2\/media?parent=3808"}],"curies":[{"name":"wp","href":"https:\/\/api.w.org\/{rel}","templated":true}]}}